{"id":343,"date":"2016-10-20T10:55:36","date_gmt":"2016-10-20T07:55:36","guid":{"rendered":"http:\/\/kadarbiku.ee\/en\/?page_id=343"},"modified":"2016-10-20T15:56:20","modified_gmt":"2016-10-20T12:56:20","slug":"objective","status":"publish","type":"page","link":"https:\/\/kadarbiku.ee\/en\/about-us\/objective\/","title":{"rendered":"Objective"},"content":{"rendered":"<h1>Mission<\/h1>\n<p>Kadarbiku K\u00f6\u00f6givili O\u00dc is a family business based 100% on Estonian capital. Our main mission is to shape healthy eating habits through all our activities from growing vegetables to producing natural juices.<\/p>\n<h1>Main values<\/h1>\n<p>We offer high quality vegetables and healthy products made from them.<\/p>\n<h1>Motto<\/h1>\n<p>To your health!<\/p>\n","protected":false},"excerpt":{"rendered":"<p>Mission Kadarbiku K\u00f6\u00f6givili O\u00dc is a family business based 100% on Estonian capital. Our main mission is to shape healthy eating habits through all our activities from growing vegetables to producing natural juices. Main values We offer high quality vegetables and healthy products made from<a class=\"readmore\" href=\"https:\/\/kadarbiku.ee\/en\/about-us\/objective\/\" rel=\"nofollow\">Read More&#8230;<\/a><\/p>\n","protected":false},"author":1,"featured_media":0,"parent":337,"menu_order":0,"comment_status":"closed","ping_status":"closed","template":"","meta":{"_acf_changed":false,"footnotes":""},"class_list":["post-343","page","type-page","status-publish","hentry"],"acf":[],"_links":{"self":[{"href":"https:\/\/kadarbiku.ee\/en\/wp-json\/wp\/v2\/pages\/343","targetHints":{"allow":["GET"]}}],"collection":[{"href":"https:\/\/kadarbiku.ee\/en\/wp-json\/wp\/v2\/pages"}],"about":[{"href":"https:\/\/kadarbiku.ee\/en\/wp-json\/wp\/v2\/types\/page"}],"author":[{"embeddable":true,"href":"https:\/\/kadarbiku.ee\/en\/wp-json\/wp\/v2\/users\/1"}],"replies":[{"embeddable":true,"href":"https:\/\/kadarbiku.ee\/en\/wp-json\/wp\/v2\/comments?post=343"}],"version-history":[{"count":3,"href":"https:\/\/kadarbiku.ee\/en\/wp-json\/wp\/v2\/pages\/343\/revisions"}],"predecessor-version":[{"id":426,"href":"https:\/\/kadarbiku.ee\/en\/wp-json\/wp\/v2\/pages\/343\/revisions\/426"}],"up":[{"embeddable":true,"href":"https:\/\/kadarbiku.ee\/en\/wp-json\/wp\/v2\/pages\/337"}],"wp:attachment":[{"href":"https:\/\/kadarbiku.ee\/en\/wp-json\/wp\/v2\/media?parent=343"}],"curies":[{"name":"wp","href":"https:\/\/api.w.org\/{rel}","templated":true}]}}