{"id":358,"date":"2016-10-13T11:51:04","date_gmt":"2016-10-13T08:51:04","guid":{"rendered":"http:\/\/kadarbiku.ee\/en\/?page_id=358"},"modified":"2025-10-28T11:13:35","modified_gmt":"2025-10-28T09:13:35","slug":"contact","status":"publish","type":"page","link":"https:\/\/kadarbiku.ee\/en\/contact\/","title":{"rendered":"Contact"},"content":{"rendered":"<p><strong>Kadarbiku K\u00f6\u00f6givili O\u00dc<\/strong><\/p>\n<p>Reg. no.: 10864109<\/p>\n<p>VAT no.: EE102258679<\/p>\n<p>M\u00f5isa tee 13,\u00a0 \u00c4\u00e4sm\u00e4e Village<\/p>\n<p>Saue Rural Municipality 76402, Harju County<\/p>\n<p>Telephone: 671 7707<\/p>\n<p>Fax: 678 1328<\/p>\n<p>E-mail: <a href=\"mailto:info@kadarbiku.ee\">info@kadarbiku.ee<\/a><\/p>\n<p>Bank: SWEDBANK<\/p>\n<p>A\/A no.: IBAN: EE452200221023635231<\/p>\n<p>SWIFT\/BIC-code \u2013 HABAEE2X<\/p>\n","protected":false},"excerpt":{"rendered":"<p>Kadarbiku K\u00f6\u00f6givili O\u00dc Reg. no.: 10864109 VAT no.: EE102258679 M\u00f5isa tee 13,\u00a0 \u00c4\u00e4sm\u00e4e Village Saue Rural Municipality 76402, Harju County Telephone: 671 7707 Fax: 678 1328 E-mail: info@kadarbiku.ee Bank: SWEDBANK A\/A no.: IBAN: EE452200221023635231 SWIFT\/BIC-code \u2013 HABAEE2X<\/p>\n","protected":false},"author":1,"featured_media":0,"parent":0,"menu_order":0,"comment_status":"closed","ping_status":"closed","template":"templates\/template-contact.php","meta":{"_acf_changed":false,"footnotes":""},"class_list":["post-358","page","type-page","status-publish","hentry"],"acf":[],"_links":{"self":[{"href":"https:\/\/kadarbiku.ee\/en\/wp-json\/wp\/v2\/pages\/358","targetHints":{"allow":["GET"]}}],"collection":[{"href":"https:\/\/kadarbiku.ee\/en\/wp-json\/wp\/v2\/pages"}],"about":[{"href":"https:\/\/kadarbiku.ee\/en\/wp-json\/wp\/v2\/types\/page"}],"author":[{"embeddable":true,"href":"https:\/\/kadarbiku.ee\/en\/wp-json\/wp\/v2\/users\/1"}],"replies":[{"embeddable":true,"href":"https:\/\/kadarbiku.ee\/en\/wp-json\/wp\/v2\/comments?post=358"}],"version-history":[{"count":4,"href":"https:\/\/kadarbiku.ee\/en\/wp-json\/wp\/v2\/pages\/358\/revisions"}],"predecessor-version":[{"id":1037,"href":"https:\/\/kadarbiku.ee\/en\/wp-json\/wp\/v2\/pages\/358\/revisions\/1037"}],"wp:attachment":[{"href":"https:\/\/kadarbiku.ee\/en\/wp-json\/wp\/v2\/media?parent=358"}],"curies":[{"name":"wp","href":"https:\/\/api.w.org\/{rel}","templated":true}]}}