{"id":783,"date":"2020-09-17T10:55:26","date_gmt":"2020-09-17T07:55:26","guid":{"rendered":"https:\/\/kadarbiku.ee\/?page_id=783\/"},"modified":"2020-09-17T12:05:14","modified_gmt":"2020-09-17T09:05:14","slug":"news","status":"publish","type":"page","link":"https:\/\/kadarbiku.ee\/en\/about-us\/news\/","title":{"rendered":"News"},"content":{"rendered":"<p>Hanketeade<\/p>\n<p>Seoses tootmisv\u00f5imsuse ja efektiivsuse suurendamisega kuulutab Kadarbiku K\u00f6\u00f6givili O\u00dc v\u00e4lja allj\u00e4rgneva hanke:<br \/>\n\u2022\tK\u00f6\u00f6giviljamahlade past\u00f6risaator (pakkumuse esitamise t\u00e4htaeg 07.10.2020 16:00 GMT +3, t\u00f6\u00f6de valmimise t\u00e4htaeg 4 kuud alates lepingu s\u00f5lmimisest).<br \/>\nT\u00e4iendava informatsiooni saamiseks ja selgituste k\u00fcsimiseks palume end registreerida hankele Riigihangete Registris (viitenumber 226301) https:\/\/riigihanked.riik.ee\/ v\u00f5i e-maili teel mihkel.evard@energex.ee ja koopiana timmu.tollimagi@energex.ee ja leo.rummel@energex.ee.<br \/>\nProjekt taotleb toetust Euroopa Regionaalarengu Fondist (Projekt nr 2014-2020.4.03.20-0594).<\/p>\n<p>Tegemist ei ole  hankijaga riigihangete seaduse t\u00e4henduses. Hanke l\u00e4biviimisel j\u00e4rgitakse riigihangete seaduse  \u00a7 3 \u00fcldp\u00f5him\u00f5tteid.<\/p>\n<p>Call for tenders<\/p>\n<p>In association with increasing the capacity and effectiveness of its production Kadarbiku K\u00f6\u00f6givili O\u00dc hereby announces the following tender:<br \/>\n\u2022\tPasteurizer for vegetable juices (tender offer submitting deadline 07.10.2020 16:00 GMT +3 (Estonian time), installation must be completed in 4 months from signing the contract).<br \/>\nFor additional information, please register to the tender in the Estonian E-Procurement Register (reference number 226301) https:\/\/riigihanked.riik.ee\/ or via email mihkel.evard@energex.ee and as a copy to timmu.tollimagi@energex.ee and leo.rummel@energex.ee.<br \/>\nThe project is applying for support from the European Regional Development Fund (Project number 2014-2020.4.03.20-0594).<br \/>\nThis is not a public procurement defined by the Public Procurement Act. However, the tender process follows the principles of Public Procurement Act \u00a7 3.<\/p>\n","protected":false},"excerpt":{"rendered":"<p>Hanketeade Seoses tootmisv\u00f5imsuse ja efektiivsuse suurendamisega kuulutab Kadarbiku K\u00f6\u00f6givili O\u00dc v\u00e4lja allj\u00e4rgneva hanke: \u2022 K\u00f6\u00f6giviljamahlade past\u00f6risaator (pakkumuse esitamise t\u00e4htaeg 07.10.2020 16:00 GMT +3, t\u00f6\u00f6de valmimise t\u00e4htaeg 4 kuud alates lepingu s\u00f5lmimisest). T\u00e4iendava informatsiooni saamiseks ja selgituste k\u00fcsimiseks palume end registreerida hankele Riigihangete Registris (viitenumber 226301)<a class=\"readmore\" href=\"https:\/\/kadarbiku.ee\/en\/about-us\/news\/\" rel=\"nofollow\">Read More&#8230;<\/a><\/p>\n","protected":false},"author":2,"featured_media":0,"parent":337,"menu_order":0,"comment_status":"closed","ping_status":"closed","template":"","meta":{"_acf_changed":false,"footnotes":""},"class_list":["post-783","page","type-page","status-publish","hentry"],"acf":[],"_links":{"self":[{"href":"https:\/\/kadarbiku.ee\/en\/wp-json\/wp\/v2\/pages\/783","targetHints":{"allow":["GET"]}}],"collection":[{"href":"https:\/\/kadarbiku.ee\/en\/wp-json\/wp\/v2\/pages"}],"about":[{"href":"https:\/\/kadarbiku.ee\/en\/wp-json\/wp\/v2\/types\/page"}],"author":[{"embeddable":true,"href":"https:\/\/kadarbiku.ee\/en\/wp-json\/wp\/v2\/users\/2"}],"replies":[{"embeddable":true,"href":"https:\/\/kadarbiku.ee\/en\/wp-json\/wp\/v2\/comments?post=783"}],"version-history":[{"count":1,"href":"https:\/\/kadarbiku.ee\/en\/wp-json\/wp\/v2\/pages\/783\/revisions"}],"predecessor-version":[{"id":784,"href":"https:\/\/kadarbiku.ee\/en\/wp-json\/wp\/v2\/pages\/783\/revisions\/784"}],"up":[{"embeddable":true,"href":"https:\/\/kadarbiku.ee\/en\/wp-json\/wp\/v2\/pages\/337"}],"wp:attachment":[{"href":"https:\/\/kadarbiku.ee\/en\/wp-json\/wp\/v2\/media?parent=783"}],"curies":[{"name":"wp","href":"https:\/\/api.w.org\/{rel}","templated":true}]}}